{"id":111,"date":"2017-11-13T09:42:48","date_gmt":"2017-11-13T09:42:48","guid":{"rendered":"https:\/\/norskebrukskunstnere.no\/?page_id=111"},"modified":"2021-10-10T18:30:05","modified_gmt":"2021-10-10T18:30:05","slug":"verkstedutsalg","status":"publish","type":"page","link":"https:\/\/norskebrukskunstnere.no\/?page_id=111","title":{"rendered":"Verkstedutsalg"},"content":{"rendered":"<div id='av_section_1'  class='avia-section av-qb3rj-d0f7155631483b7c7d5d493881edd2bf main_color avia-section-default avia-no-shadow  avia-builder-el-0  avia-builder-el-no-sibling  avia-bg-style-scroll container_wrap fullsize'  ><div class='container av-section-cont-open' ><main  role=\"main\" itemprop=\"mainContentOfPage\"  class='template-page content  av-content-full alpha units'><div class='post-entry post-entry-type-page post-entry-111'><div class='entry-content-wrapper clearfix'>\n\n<style type=\"text\/css\" data-created_by=\"avia_inline_auto\" id=\"style-css-av-bhmin-45e59d6e026254ff47473abb0ba7761f\">\n#top .av-special-heading.av-bhmin-45e59d6e026254ff47473abb0ba7761f{\npadding-bottom:10px;\n}\nbody .av-special-heading.av-bhmin-45e59d6e026254ff47473abb0ba7761f .av-special-heading-tag .heading-char{\nfont-size:25px;\n}\n.av-special-heading.av-bhmin-45e59d6e026254ff47473abb0ba7761f .av-subheading{\nfont-size:15px;\n}\n<\/style>\n<div  class='av-special-heading av-bhmin-45e59d6e026254ff47473abb0ba7761f av-special-heading-h1 blockquote modern-quote  avia-builder-el-1  el_before_av_hr  avia-builder-el-first '><h1 class='av-special-heading-tag '  itemprop=\"headline\"  >Verkstedutsalg<\/h1><div class=\"special-heading-border\"><div class=\"special-heading-inner-border\"><\/div><\/div><\/div>\n<div  class='hr av-ghr33-495594893414f345f207a96783a12dc1 hr-default  avia-builder-el-2  el_after_av_heading  el_before_av_textblock '><span class='hr-inner '><span class=\"hr-inner-style\"><\/span><\/span><\/div>\n<section  class='av_textblock_section av-b53wf-f9fda3d58dcc27856328a9dfc21a85db '   itemscope=\"itemscope\" itemtype=\"https:\/\/schema.org\/CreativeWork\" ><div class='avia_textblock'  itemprop=\"text\" ><div><strong>BOD 21 SA<\/strong> er verkstedutsalget til Norske Brukskunstnere. Du finner oss p\u00e5 innsiden av Kirkeristen ved Domkirkeparken. Vi har flotte, kortreiste h\u00e5ndverksprodukter for salg:<\/div>\n<ul class=\"square_list\">\n<li>bruksgjenstander av glass, tre og keramikk<\/li>\n<li>smykker<\/li>\n<li>strikkede, sydde, heklede og h\u00e5ndvevde kl\u00e6r og tilbeh\u00f8r<\/li>\n<li>h\u00e5ndvevede interi\u00f8rtekstiler og designputer<\/li>\n<li>Redesign av ulike materialer<\/li>\n<li>Vesker og bagger i ulike materialer<\/li>\n<li>Bunadskniver<\/li>\n<\/ul>\n<p>Alt er formgitt og produsert av v\u00e5re medlemmer.<br \/>\n<strong>V\u00e5re \u00e5pningstider er:<\/strong><br \/>\n<strong> Onsdag &#8211; fredag 11 \u2013 17<\/strong><br \/>\n<strong> L\u00f8rdag 11 \u2013 15<\/strong><\/p>\n<p><strong>Tlf.: +47 901 51 098<\/strong><\/p>\n<p>Postadresse: Norske Brukskunstnere BOD 21 BA, Stortorvet 1 b, 0155 OSLO.<\/p>\n<\/div><\/section>\n\n","protected":false},"excerpt":{"rendered":"","protected":false},"author":6,"featured_media":0,"parent":0,"menu_order":0,"comment_status":"closed","ping_status":"closed","template":"","meta":{"footnotes":""},"class_list":["post-111","page","type-page","status-publish","hentry"],"_links":{"self":[{"href":"https:\/\/norskebrukskunstnere.no\/index.php?rest_route=\/wp\/v2\/pages\/111","targetHints":{"allow":["GET"]}}],"collection":[{"href":"https:\/\/norskebrukskunstnere.no\/index.php?rest_route=\/wp\/v2\/pages"}],"about":[{"href":"https:\/\/norskebrukskunstnere.no\/index.php?rest_route=\/wp\/v2\/types\/page"}],"author":[{"embeddable":true,"href":"https:\/\/norskebrukskunstnere.no\/index.php?rest_route=\/wp\/v2\/users\/6"}],"replies":[{"embeddable":true,"href":"https:\/\/norskebrukskunstnere.no\/index.php?rest_route=%2Fwp%2Fv2%2Fcomments&post=111"}],"version-history":[{"count":0,"href":"https:\/\/norskebrukskunstnere.no\/index.php?rest_route=\/wp\/v2\/pages\/111\/revisions"}],"wp:attachment":[{"href":"https:\/\/norskebrukskunstnere.no\/index.php?rest_route=%2Fwp%2Fv2%2Fmedia&parent=111"}],"curies":[{"name":"wp","href":"https:\/\/api.w.org\/{rel}","templated":true}]}}