{"id":125,"date":"2017-11-13T11:02:54","date_gmt":"2017-11-13T11:02:54","guid":{"rendered":"https:\/\/norskebrukskunstnere.no\/?page_id=125"},"modified":"2024-02-13T16:56:30","modified_gmt":"2024-02-13T16:56:30","slug":"bli-medlem","status":"publish","type":"page","link":"https:\/\/norskebrukskunstnere.no\/?page_id=125","title":{"rendered":"Bli medlem"},"content":{"rendered":"<div id='av_section_1'  class='avia-section av-kq8l-e5022aa7bf05f52eac732896f3591879 main_color avia-section-default avia-no-shadow  avia-builder-el-0  avia-builder-el-no-sibling  avia-bg-style-scroll container_wrap fullsize'  ><div class='container av-section-cont-open' ><main  role=\"main\" itemprop=\"mainContentOfPage\"  class='template-page content  av-content-full alpha units'><div class='post-entry post-entry-type-page post-entry-125'><div class='entry-content-wrapper clearfix'>\n\n<style type=\"text\/css\" data-created_by=\"avia_inline_auto\" id=\"style-css-av-ewbyt-4b535c4d59e916e6665fc6cf62d77c0e\">\n#top .av-special-heading.av-ewbyt-4b535c4d59e916e6665fc6cf62d77c0e{\npadding-bottom:10px;\n}\nbody .av-special-heading.av-ewbyt-4b535c4d59e916e6665fc6cf62d77c0e .av-special-heading-tag .heading-char{\nfont-size:25px;\n}\n.av-special-heading.av-ewbyt-4b535c4d59e916e6665fc6cf62d77c0e .av-subheading{\nfont-size:15px;\n}\n<\/style>\n<div  class='av-special-heading av-ewbyt-4b535c4d59e916e6665fc6cf62d77c0e av-special-heading-h1 blockquote modern-quote  avia-builder-el-1  el_before_av_hr  avia-builder-el-first '><h1 class='av-special-heading-tag '  itemprop=\"headline\"  >Bli medlem<\/h1><div class=\"special-heading-border\"><div class=\"special-heading-inner-border\"><\/div><\/div><\/div>\n<div  class='hr av-19lhgl-a67f4a821129af1c89dffd55d744e73c hr-default  avia-builder-el-2  el_after_av_heading  el_before_av_toggle_container '><span class='hr-inner '><span class=\"hr-inner-style\"><\/span><\/span><\/div>\n<div  class='togglecontainer av-10wpfh-a612f048934a5cb9fc97372beb7083f1  avia-builder-el-3  el_after_av_hr  el_before_av_hr  toggle_close_all' >\n<section class='av_toggle_section av-lq1n9-d7f3dbbda2d79c59beeb887957a6958f'  itemscope=\"itemscope\" itemtype=\"https:\/\/schema.org\/CreativeWork\" ><div role=\"tablist\" class=\"single_toggle\" data-tags=\"{Alle} \"  ><p id='toggle-toggle-id-1' data-fake-id='#toggle-id-1' class='toggler  av-title-above '  itemprop=\"headline\"  role='tab' tabindex='0' aria-controls='toggle-id-1' data-slide-speed=\"200\" data-title=\"Interessemedlem\" data-title-open=\"\" data-aria_collapsed=\"Click to expand: Interessemedlem\" data-aria_expanded=\"Click to collapse: Interessemedlem\">Interessemedlem<span class=\"toggle_icon\"><span class=\"vert_icon\"><\/span><span class=\"hor_icon\"><\/span><\/span><\/p><div id='toggle-id-1' aria-labelledby='toggle-toggle-id-1' role='region' class='toggle_wrap  av-title-above'  ><div class='toggle_content invers-color '  itemprop=\"text\" ><p>\u00d8nsker du \u00e5 st\u00f8tte organisasjonen Norske Brukskunstnere gjennom \u00e5 v\u00e6re Interessemedlem?<\/p>\n<p>Disse er medlemmer p\u00e5 grunnlag av yrkesmessig virksomhet innen omr\u00e5dene kunst- og kulturhistorie, kunstnerutdanning og l\u00e6rervirksomhet, museums- og opplysningsvirksomhet eller annen interesse for foreningens form\u00e5l og virksomhet.<\/p>\n<\/div><\/div><\/div><\/section>\n<section class='av_toggle_section av-6l87x-136b50cb6654091c3a4d829d1c9d247f'  itemscope=\"itemscope\" itemtype=\"https:\/\/schema.org\/CreativeWork\" ><div role=\"tablist\" class=\"single_toggle\" data-tags=\"{Alle} \"  ><p id='toggle-toggle-id-2' data-fake-id='#toggle-id-2' class='toggler  av-title-above '  itemprop=\"headline\"  role='tab' tabindex='0' aria-controls='toggle-id-2' data-slide-speed=\"200\" data-title=\"Fagmedlem\" data-title-open=\"\" data-aria_collapsed=\"Click to expand: Fagmedlem\" data-aria_expanded=\"Click to collapse: Fagmedlem\">Fagmedlem<span class=\"toggle_icon\"><span class=\"vert_icon\"><\/span><span class=\"hor_icon\"><\/span><\/span><\/p><div id='toggle-id-2' aria-labelledby='toggle-toggle-id-2' role='region' class='toggle_wrap  av-title-above'  ><div class='toggle_content invers-color '  itemprop=\"text\" ><p>FAGMEDLEM m\u00e5 enten ha best\u00e5tt eksamen: Hovedfag\/Diplom\/Master fra Kunsth\u00f8yskolen i Oslo<br \/>\neller Bergen, eller tilsvarende kunstfaglig utdanning.<br \/>\nFAGMEDLEM kan ogs\u00e5 bli antatt etter juryering av innsendte arbeider.<br \/>\nProduktene m\u00e5 v\u00e6re laget i l\u00f8pet av de siste tre \u00e5r, og ikke v\u00e6re skolearbeider.<\/p>\n<p>Juryen best\u00e5r av h\u00f8yt kvalifiserte representanter innenfor relaterte fagomr\u00e5der.<br \/>\nStyret i NB innstiller representanter til juryen for godkjenning p\u00e5 \u00e5rsm\u00f8tet.<br \/>\nMedlemmer i NB kan foresl\u00e5 representanter til juryen innenfor fristen for forslag til \u00e5rsm\u00f8tet.<\/p>\n<p>SOM FAGMEDLEM HAR DU MULIGHET TIL:<\/p>\n<p>&#8211; FAGMEDLEM kan s\u00f8ke om \u00e5 bli andelshaver og f\u00e5 selge dine arbeider i NB\u2019s verkstedutsalg, BOD 21 i Kirkeristen bak Oslo Domkirke.<br \/>\n&#8211; Delta p\u00e5 jevnlige utstillinger og salgsutstillinger i regi av NB og eventuelle samarbeidspartnere.<br \/>\n&#8211; Delta p\u00e5 \u00e5rlige markeder.<br \/>\n&#8211; Spesiell artikkel p\u00e5 nettsidene til NB som presenterer deg, teknikkene og arbeidene dine.<br \/>\n&#8211; Promotering og profilering i sosiale media.<br \/>\n&#8211; Medvirke til \u00e5 profilere organisasjonen og v\u00e5rt fellesskap.<br \/>\n&#8211; Rabatt p\u00e5 medlemsskap i organisasjonen \u00abNORWEGIAN MADE\u00bb<\/p>\n<\/div><\/div><\/div><\/section>\n<section class='av_toggle_section av-8ekud-befbc609d566baa77174d8acab966a6d'  itemscope=\"itemscope\" itemtype=\"https:\/\/schema.org\/CreativeWork\" ><div role=\"tablist\" class=\"single_toggle\" data-tags=\"{Alle} \"  ><p id='toggle-toggle-id-3' data-fake-id='#toggle-id-3' class='toggler  av-title-above '  itemprop=\"headline\"  role='tab' tabindex='0' aria-controls='toggle-id-3' data-slide-speed=\"200\" data-title=\"Andelshavere\" data-title-open=\"\" data-aria_collapsed=\"Click to expand: Andelshavere\" data-aria_expanded=\"Click to collapse: Andelshavere\">Andelshavere<span class=\"toggle_icon\"><span class=\"vert_icon\"><\/span><span class=\"hor_icon\"><\/span><\/span><\/p><div id='toggle-id-3' aria-labelledby='toggle-toggle-id-3' role='region' class='toggle_wrap  av-title-above'  ><div class='toggle_content invers-color '  itemprop=\"text\" ><p>For \u00e5 bli andelshaver med rett til \u00e5 selge sine produkter i Bod 21 m\u00e5 man v\u00e6re fagmedlem av NB, og v\u00e6re antatt av styret etter egen s\u00f8knad. Det legges vekt p\u00e5 at s\u00f8keren kan ta butikkvakter og har et produktutvalg som er av interesse \u00e5 formidle til publikum. Det kreves en engangsavgift p\u00e5 kr 2000,- og Bod 21 tar provisjon for salg av varer som g\u00e5r til \u00e5 dekke driftsutgiftene til Bod 21. Ta kontakt for mer informasjon hvis du er interessert i \u00e5 bli andelshaver.<\/p>\n<\/div><\/div><\/div><\/section>\n<section class='av_toggle_section av-9lbf9-ea84939640b295625bd874c01ac890d2'  itemscope=\"itemscope\" itemtype=\"https:\/\/schema.org\/CreativeWork\" ><div role=\"tablist\" class=\"single_toggle\" data-tags=\"{Alle} \"  ><p id='toggle-toggle-id-4' data-fake-id='#toggle-id-4' class='toggler  av-title-above '  itemprop=\"headline\"  role='tab' tabindex='0' aria-controls='toggle-id-4' data-slide-speed=\"200\" data-title=\"S\u00f8knadsskjema - hvilke opplysninger trenger vi?\" data-title-open=\"\" data-aria_collapsed=\"Click to expand: S\u00f8knadsskjema - hvilke opplysninger trenger vi?\" data-aria_expanded=\"Click to collapse: S\u00f8knadsskjema - hvilke opplysninger trenger vi?\">S\u00f8knadsskjema - hvilke opplysninger trenger vi?<span class=\"toggle_icon\"><span class=\"vert_icon\"><\/span><span class=\"hor_icon\"><\/span><\/span><\/p><div id='toggle-id-4' aria-labelledby='toggle-toggle-id-4' role='region' class='toggle_wrap  av-title-above'  ><div class='toggle_content invers-color '  itemprop=\"text\" ><p><strong>\u00a0NORSKE BRUKSKUNSTNERE<\/strong><\/p>\n<p>Stortorvet 1 B, 0155 OSLO, Telf. 901 51 098<\/p>\n<p>Som brukskunstnere er det v\u00e5rt ideal \u00e5 skape bruksgjenstander som er b\u00e5de funksjonelle og vakre. V\u00e5rt form\u00e5l er \u00e5 h\u00f8yne og spre kunnskap om den bruksmessige og estetiske kvalitet av norske h\u00e5ndverks- og industriprodukter og \u00e5 h\u00f8yne brukskunstyrkets standard og anseelse. Organisasjonen er landsomfattende og politisk n\u00f8ytral.<\/p>\n<p><strong>\u00a0<\/strong><\/p>\n<p><strong>SKJEMA FOR JURYERING AV ARBEIDER \u2013 FAGMEDLEMSKAP<\/strong><\/p>\n<p><strong>\u00a0<\/strong><strong>Ved juryering vil produktene bli vurdert etter disse kriteriene:<\/strong><\/p>\n<p>Formgiving, materialbruk, h\u00e5ndverksmessig skikkelighet, nyskaping, og at den kunstneriske og bruksmessige kvaliteten er tydelig. Skjemaet fylles ut i 2 eksemplarer, 1 beholdes av s\u00f8keren og 1 sendes til NB sammen med de aktuelle produktene som \u00f8nskes juryert.<\/p>\n<ul>\n<li>Det s\u00f8kes med et representativt utvalg av dine produkter, 5 (fem) \u2013 10 (ti) produkter fra ditt fagomr\u00e5de.<\/li>\n<li>Produktene m\u00e5 v\u00e6re utf\u00f8rt de siste 3 \u00e5r, og ikke v\u00e6re skolearbeider.<\/li>\n<li>Produktene merkes p\u00e5 samme m\u00e5te som de er oppf\u00f8rt p\u00e5 skjemaet.<\/li>\n<li>Arbeidsprosessene til produktene m\u00e5 dokumenteres og beskrives.<\/li>\n<li>Fagrelatert utdanning og praksis dokumenteres og beskrives.<\/li>\n<li>Etter juryering vil s\u00f8kere f\u00e5 tilsendt juryens vurdering og konklusjon.<\/li>\n<\/ul>\n<p><strong>Navn:<\/strong><\/p>\n<p><strong>F\u00f8dt:<\/strong><\/p>\n<p><strong>Adresse:<\/strong><\/p>\n<p><strong>Epost:<\/strong><\/p>\n<p><strong>Telf.:<\/strong><\/p>\n<p><strong>Dato:<\/strong><\/p>\n<p><strong>\u00a0<\/strong><\/p>\n<p>Beskrivelse av innsendte arbeider:<\/p>\n<p><strong>\u00a01_____________________________________________________________________________<\/strong><\/p>\n<p><strong>\u00a0<\/strong><\/p>\n<p><strong>\u00a02_____________________________________________________________________________<\/strong><\/p>\n<p><strong>\u00a0<\/strong><\/p>\n<p><strong>\u00a03_____________________________________________________________________________<\/strong><\/p>\n<p><strong>\u00a0<\/strong><\/p>\n<p><strong>\u00a04_____________________________________________________________________________<\/strong><\/p>\n<p><strong>\u00a0<\/strong><\/p>\n<p><strong>\u00a05_____________________________________________________________________________<\/strong><\/p>\n<p><strong>\u00a0<\/strong><\/p>\n<p><strong>\u00a06___________________________________________________________________________<\/strong><\/p>\n<p><strong>\u00a0<\/strong><\/p>\n<p><strong>\u00a07_____________________________________________________________________________<\/strong><\/p>\n<p><strong>\u00a0<\/strong><\/p>\n<p><strong>\u00a08_____________________________________________________________________________<\/strong><\/p>\n<p><strong>\u00a0<\/strong><\/p>\n<p><strong>\u00a09_____________________________________________________________________________<\/strong><\/p>\n<p><strong>\u00a0<\/strong><\/p>\n<p><strong>10_____________________________________________________________________________<\/strong><\/p>\n<p><strong>\u00a0<\/strong><\/p>\n<\/div><\/div><\/div><\/section>\n<\/div>\n<div  class='hr av-drbvx-1a0d209c3ce67fdba2bfe7c1c05f26a7 hr-default  avia-builder-el-4  el_after_av_toggle_container  el_before_av_button '><span class='hr-inner '><span class=\"hr-inner-style\"><\/span><\/span><\/div>\n<div  class='avia-button-wrap av-9xt9p-da98da9b4a3365eeed324e288cdb6bc6-wrap avia-button-left  avia-builder-el-5  el_after_av_hr  avia-builder-el-last '><a href='mailto:firmapost@norskebrukskunstnere.no'  class='avia-button av-9xt9p-da98da9b4a3365eeed324e288cdb6bc6 av-link-btn avia-icon_select-yes-left-icon avia-size-x-large avia-position-left avia-color-theme-color'   aria-label=\"Bli medlem\"><span class='avia_button_icon avia_button_icon_left avia-iconfont avia-font-entypo-fontello' data-av_icon='\ue80c' data-av_iconfont='entypo-fontello' ><\/span><span class='avia_iconbox_title' >Bli medlem<\/span><\/a><\/div>\n\n","protected":false},"excerpt":{"rendered":"","protected":false},"author":6,"featured_media":0,"parent":0,"menu_order":0,"comment_status":"closed","ping_status":"closed","template":"","meta":{"footnotes":""},"class_list":["post-125","page","type-page","status-publish","hentry"],"_links":{"self":[{"href":"https:\/\/norskebrukskunstnere.no\/index.php?rest_route=\/wp\/v2\/pages\/125","targetHints":{"allow":["GET"]}}],"collection":[{"href":"https:\/\/norskebrukskunstnere.no\/index.php?rest_route=\/wp\/v2\/pages"}],"about":[{"href":"https:\/\/norskebrukskunstnere.no\/index.php?rest_route=\/wp\/v2\/types\/page"}],"author":[{"embeddable":true,"href":"https:\/\/norskebrukskunstnere.no\/index.php?rest_route=\/wp\/v2\/users\/6"}],"replies":[{"embeddable":true,"href":"https:\/\/norskebrukskunstnere.no\/index.php?rest_route=%2Fwp%2Fv2%2Fcomments&post=125"}],"version-history":[{"count":0,"href":"https:\/\/norskebrukskunstnere.no\/index.php?rest_route=\/wp\/v2\/pages\/125\/revisions"}],"wp:attachment":[{"href":"https:\/\/norskebrukskunstnere.no\/index.php?rest_route=%2Fwp%2Fv2%2Fmedia&parent=125"}],"curies":[{"name":"wp","href":"https:\/\/api.w.org\/{rel}","templated":true}]}}